{"id":3,"date":"2023-06-14T13:45:55","date_gmt":"2023-06-14T13:45:55","guid":{"rendered":"https:\/\/www.humaze.pt\/_priorexxi\/?page_id=3"},"modified":"2023-11-24T16:40:34","modified_gmt":"2023-11-24T16:40:34","slug":"politica-de-privacidade","status":"publish","type":"page","link":"https:\/\/www.humaze.pt\/_priorexxi\/politica-de-privacidade\/","title":{"rendered":"Pol\u00edtica de Privacidade"},"content":{"rendered":"<p>[vc_section][vc_row][vc_column][vc_column_text el_class=&#8221;hide&#8221;]<\/p>\n<h1>Pol\u00edtica de Privacidade<\/h1>\n<p>&nbsp;<\/p>\n<p>[\/vc_column_text][vc_column_text el_class=&#8221;politica six center&#8221;]<\/p>\n<h2><b>Pol\u00edtica de privacidade<\/b><\/h2>\n<p><span style=\"font-weight: 400;\">A Pol\u00edtica de Privacidade apresentada abaixo descreve a informa\u00e7\u00e3o pessoal que recebemos quando visita o site <\/span><span style=\"font-weight: 400;\">www.priorexxi.com<\/span><span style=\"font-weight: 400;\"> e como guardamos essa informa\u00e7\u00e3o.<\/span><\/p>\n<p><span style=\"font-weight: 400;\">O tratamento dos dados pessoais \u00e9 realizado no estrito cumprimento da legisla\u00e7\u00e3o de prote\u00e7\u00e3o de dados pessoais, nos termos do disposto no regulamento (UE) 2016\/679 do Parlamento Europeu e Conselho de 27 de abril de 2016, que produz efeitos a 25 de maio de 2018, doravante referido com Regulamento Geral sobre a Prote\u00e7\u00e3o de Dados ou GDPR\/RGPD e\/ou qualquer legisla\u00e7\u00e3o que regule, complemente ou substitua a referida legisla\u00e7\u00e3o.\u00a0\u00a0<\/span><\/p>\n<p><span style=\"font-weight: 400;\">Quaisquer dados pessoais que os clientes possam disponibilizar ser\u00e3o entendidos como obtidos, tratados e transmitidos sob o estrito cumprimento do GDPR\/RGPD e da legisla\u00e7\u00e3o nacional.<\/span><\/p>\n<p><span style=\"font-weight: 400;\">Podes consultar o regulamento <\/span><a href=\"https:\/\/gdpr-info.eu\/\"><span style=\"font-weight: 400;\">aqui<\/span><\/a><span style=\"font-weight: 400;\">.<\/span><\/p>\n<p>&nbsp;<\/p>\n<h3><span style=\"font-weight: 400;\">Informa\u00e7\u00e3o recolhida<\/span><\/h3>\n<p><span style=\"font-weight: 400;\">Quando interage connosco atrav\u00e9s dos nossos servi\u00e7os podemos recolher dados pessoais e outras informa\u00e7\u00f5es conforme descrito abaixo:<\/span><\/p>\n<p><span style=\"font-weight: 400;\">&#8211; Caso forne\u00e7a dados pessoais por uma determinada raz\u00e3o podemos utiliz\u00e1-los pelo motivo para o qual foi fornecido. Por exemplo, se entrar em contacto connosco por email (<a href=\"mailto:sales@priorexxi.com\" target=\"_blank\" rel=\"noopener\">sales@priorexxi.com<\/a><\/span><span style=\"font-weight: 400;\">) poderemos utilizar os seus dados para responder a pedidos de informa\u00e7\u00e3o ou na resolu\u00e7\u00e3o de problemas. Tamb\u00e9m podemos utilizar os seus Dados Pessoais e outras informa\u00e7\u00f5es pessoalmente n\u00e3o identific\u00e1veis e recolhidas, para nos ajudar a melhorar o conte\u00fado e as funcionalidades do nosso website. Poderemos usar essas informa\u00e7\u00f5es para contact\u00e1-lo no futuro, para inform\u00e1-lo sobre servi\u00e7os ou conte\u00fados que acreditamos serem de seu interesse.<\/span><\/p>\n<p><span style=\"font-weight: 400;\">&#8211; Cookies: Utilizamos cookies para armazenar informa\u00e7\u00e3o, tais como as suas prefer\u00eancias pessoais quando visita o nosso website (consultar <\/span><span style=\"font-weight: 400;\">Pol\u00edtica de Cookies<\/span><span style=\"font-weight: 400;\">). No entanto, poder\u00e1 desligar os seus cookies, nas op\u00e7\u00f5es do seu browser, ou efetuando altera\u00e7\u00f5es nas ferramentas de programas Antiv\u00edrus. Contudo, isso poder\u00e1 alterar a forma como interage com o nosso website, ou outros websites. Para informa\u00e7\u00e3o mais detalhada, consultar: <\/span><a href=\"http:\/\/www.aboutcookies.org\/\"><span style=\"font-weight: 400;\">http:\/\/www.aboutcookies.org\/<\/span><\/a><span style=\"font-weight: 400;\">.<\/span><\/p>\n<p><span style=\"font-weight: 400;\">&#8211; Informa\u00e7\u00e3o autom\u00e1tica: tal como outros websites, recolhemos e utilizamos informa\u00e7\u00e3o contida nos registos. A informa\u00e7\u00e3o contida nos registos, inclui o seu endere\u00e7o IP (internet protocol), o seu ISP (internet service provider), o browser que utilizou ao visitar o nosso website (como o Internet Explorer ou o Firefox), o tempo da sua visita e que p\u00e1ginas visitou dentro do nosso website.\u00a0<\/span><\/p>\n<h3><span style=\"font-weight: 400;\">Arquivo tempor\u00e1rio<\/span><\/h3>\n<p><span style=\"font-weight: 400;\">O per\u00edodo de tempo durante o qual os dados s\u00e3o guardados varia de acordo com a finalidade para a qual a informa\u00e7\u00e3o \u00e9 utilizada. Existem no entanto requisitos legais que obrigam a conservar os dados por um determinado per\u00edodo de tempo. Assim, sempre que n\u00e3o exista uma exig\u00eancia legal espec\u00edfica, os dados ser\u00e3o armazenados e conservados pelo per\u00edodo necess\u00e1rio \u00e0s finalidades para as quais foram recolhidos ou fornecidos, at\u00e9 indica\u00e7\u00e3o em contr\u00e1rio do cliente.<\/span><\/p>\n<p>&nbsp;<\/p>\n<h3><span style=\"font-weight: 400;\">Seguran\u00e7a<\/span><\/h3>\n<p><span style=\"font-weight: 400;\">Tomamos medidas de seguran\u00e7a para proteger os dados pessoais, havendo revis\u00f5es internas das nossas pr\u00e1ticas de recolha, armazenamento e processamento, bem como medidas de seguran\u00e7a f\u00edsica para proteger contra o acesso n\u00e3o autorizado a sistemas onde armazenamos os dados pessoais. No entanto, nenhuma transmiss\u00e3o de Internet ou e-mail \u00e9 sempre totalmente segura ou livre de erros. Em particular, e-mails enviados para, ou a partir dos nossos servi\u00e7os, podem n\u00e3o ser seguros. Sendo assim, dever\u00e1 ter um cuidado especial na sele\u00e7\u00e3o das informa\u00e7\u00f5es que envia por e-mail.<\/span><\/p>\n<p>&nbsp;<\/p>\n<h3><span style=\"font-weight: 400;\">Direitos<\/span><\/h3>\n<p><span style=\"font-weight: 400;\">Para exercer qualquer um dos seus direitos ou se tiver outras d\u00favidas sobre o tratamento dos seus dados pessoais, contacte-nos atrav\u00e9s do e-mai\u00a0<a href=\"mailto:sales@priorexxi.com\" target=\"_blank\" rel=\"noopener\">sales@priorexxi.com<\/a><\/span><span style=\"font-weight: 400;\">.<\/span><\/p>\n<p>&nbsp;<\/p>\n<h3><span style=\"font-weight: 400;\">Altera\u00e7\u00f5es \u00e0 Pol\u00edtica de Privacidade<\/span><\/h3>\n<p><span style=\"font-weight: 400;\">Esta pol\u00edtica pode ser alterada a qualquer momento, sem aviso pr\u00e9vio. Por favor verifique esta pol\u00edtica periodicamente para quaisquer altera\u00e7\u00f5es. Ao utilizar o nosso website, estar\u00e1 automaticamente a aprovar que concorda com as pr\u00e1ticas descritas na nossa pol\u00edtica.<\/span>[\/vc_column_text][\/vc_column][\/vc_row][\/vc_section][vc_row][vc_column][vc_column_text]<\/p>\n<p><!-- \/wp:paragraph -->[\/vc_column_text][\/vc_column][\/vc_row]<\/p>\n","protected":false},"excerpt":{"rendered":"<p>[vc_section][vc_row][vc_column][vc_column_text el_class=&#8221;hide&#8221;] Pol\u00edtica de Privacidade &nbsp; [\/vc_column_text][vc_column_text el_class=&#8221;politica six center&#8221;] Pol\u00edtica de privacidade A Pol\u00edtica de Privacidade apresentada abaixo descreve a informa\u00e7\u00e3o pessoal que recebemos quando visita o site www.priorexxi.com e como guardamos essa informa\u00e7\u00e3o. O tratamento dos dados pessoais \u00e9 realizado no estrito cumprimento da legisla\u00e7\u00e3o de prote\u00e7\u00e3o de dados pessoais, nos termos do [&hellip;]<\/p>\n","protected":false},"author":2,"featured_media":0,"parent":0,"menu_order":0,"comment_status":"closed","ping_status":"closed","template":"","meta":[],"yoast_head":"<!-- This site is optimized with the Yoast SEO plugin v20.9 - https:\/\/yoast.com\/wordpress\/plugins\/seo\/ -->\n<title>Pol\u00edtica de Privacidade - Priore XXI<\/title>\n<meta name=\"robots\" content=\"noindex, follow, max-snippet:-1, max-image-preview:large, max-video-preview:-1\" \/>\n<meta property=\"og:locale\" content=\"pt_PT\" \/>\n<meta property=\"og:type\" content=\"article\" \/>\n<meta property=\"og:title\" content=\"Pol\u00edtica de Privacidade - Priore XXI\" \/>\n<meta property=\"og:description\" content=\"[vc_section][vc_row][vc_column][vc_column_text el_class=&#8221;hide&#8221;] Pol\u00edtica de Privacidade &nbsp; [\/vc_column_text][vc_column_text el_class=&#8221;politica six center&#8221;] Pol\u00edtica de privacidade A Pol\u00edtica de Privacidade apresentada abaixo descreve a informa\u00e7\u00e3o pessoal que recebemos quando visita o site www.priorexxi.com e como guardamos essa informa\u00e7\u00e3o. O tratamento dos dados pessoais \u00e9 realizado no estrito cumprimento da legisla\u00e7\u00e3o de prote\u00e7\u00e3o de dados pessoais, nos termos do [&hellip;]\" \/>\n<meta property=\"og:url\" content=\"https:\/\/www.humaze.pt\/_priorexxi\/politica-de-privacidade\/\" \/>\n<meta property=\"og:site_name\" content=\"Priore XXI\" \/>\n<meta property=\"article:modified_time\" content=\"2023-11-24T16:40:34+00:00\" \/>\n<meta name=\"twitter:card\" content=\"summary_large_image\" \/>\n<meta name=\"twitter:label1\" content=\"Tempo estimado de leitura\" \/>\n\t<meta name=\"twitter:data1\" content=\"4 minutos\" \/>\n<script type=\"application\/ld+json\" class=\"yoast-schema-graph\">{\"@context\":\"https:\/\/schema.org\",\"@graph\":[{\"@type\":\"WebPage\",\"@id\":\"https:\/\/www.humaze.pt\/_priorexxi\/politica-de-privacidade\/\",\"url\":\"https:\/\/www.humaze.pt\/_priorexxi\/politica-de-privacidade\/\",\"name\":\"Pol\u00edtica de Privacidade - Priore XXI\",\"isPartOf\":{\"@id\":\"https:\/\/www.humaze.pt\/_priorexxi\/#website\"},\"datePublished\":\"2023-06-14T13:45:55+00:00\",\"dateModified\":\"2023-11-24T16:40:34+00:00\",\"breadcrumb\":{\"@id\":\"https:\/\/www.humaze.pt\/_priorexxi\/politica-de-privacidade\/#breadcrumb\"},\"inLanguage\":\"pt-PT\",\"potentialAction\":[{\"@type\":\"ReadAction\",\"target\":[\"https:\/\/www.humaze.pt\/_priorexxi\/politica-de-privacidade\/\"]}]},{\"@type\":\"BreadcrumbList\",\"@id\":\"https:\/\/www.humaze.pt\/_priorexxi\/politica-de-privacidade\/#breadcrumb\",\"itemListElement\":[{\"@type\":\"ListItem\",\"position\":1,\"name\":\"In\u00edcio\",\"item\":\"https:\/\/www.humaze.pt\/_priorexxi\/\"},{\"@type\":\"ListItem\",\"position\":2,\"name\":\"Pol\u00edtica de Privacidade\"}]},{\"@type\":\"WebSite\",\"@id\":\"https:\/\/www.humaze.pt\/_priorexxi\/#website\",\"url\":\"https:\/\/www.humaze.pt\/_priorexxi\/\",\"name\":\"Priore XXI\",\"description\":\"History unveiled\",\"potentialAction\":[{\"@type\":\"SearchAction\",\"target\":{\"@type\":\"EntryPoint\",\"urlTemplate\":\"https:\/\/www.humaze.pt\/_priorexxi\/?s={search_term_string}\"},\"query-input\":\"required name=search_term_string\"}],\"inLanguage\":\"pt-PT\"}]}<\/script>\n<!-- \/ Yoast SEO plugin. -->","yoast_head_json":{"title":"Pol\u00edtica de Privacidade - Priore XXI","robots":{"index":"noindex","follow":"follow","max-snippet":"max-snippet:-1","max-image-preview":"max-image-preview:large","max-video-preview":"max-video-preview:-1"},"og_locale":"pt_PT","og_type":"article","og_title":"Pol\u00edtica de Privacidade - Priore XXI","og_description":"[vc_section][vc_row][vc_column][vc_column_text el_class=&#8221;hide&#8221;] Pol\u00edtica de Privacidade &nbsp; [\/vc_column_text][vc_column_text el_class=&#8221;politica six center&#8221;] Pol\u00edtica de privacidade A Pol\u00edtica de Privacidade apresentada abaixo descreve a informa\u00e7\u00e3o pessoal que recebemos quando visita o site www.priorexxi.com e como guardamos essa informa\u00e7\u00e3o. O tratamento dos dados pessoais \u00e9 realizado no estrito cumprimento da legisla\u00e7\u00e3o de prote\u00e7\u00e3o de dados pessoais, nos termos do [&hellip;]","og_url":"https:\/\/www.humaze.pt\/_priorexxi\/politica-de-privacidade\/","og_site_name":"Priore XXI","article_modified_time":"2023-11-24T16:40:34+00:00","twitter_card":"summary_large_image","twitter_misc":{"Tempo estimado de leitura":"4 minutos"},"schema":{"@context":"https:\/\/schema.org","@graph":[{"@type":"WebPage","@id":"https:\/\/www.humaze.pt\/_priorexxi\/politica-de-privacidade\/","url":"https:\/\/www.humaze.pt\/_priorexxi\/politica-de-privacidade\/","name":"Pol\u00edtica de Privacidade - Priore XXI","isPartOf":{"@id":"https:\/\/www.humaze.pt\/_priorexxi\/#website"},"datePublished":"2023-06-14T13:45:55+00:00","dateModified":"2023-11-24T16:40:34+00:00","breadcrumb":{"@id":"https:\/\/www.humaze.pt\/_priorexxi\/politica-de-privacidade\/#breadcrumb"},"inLanguage":"pt-PT","potentialAction":[{"@type":"ReadAction","target":["https:\/\/www.humaze.pt\/_priorexxi\/politica-de-privacidade\/"]}]},{"@type":"BreadcrumbList","@id":"https:\/\/www.humaze.pt\/_priorexxi\/politica-de-privacidade\/#breadcrumb","itemListElement":[{"@type":"ListItem","position":1,"name":"In\u00edcio","item":"https:\/\/www.humaze.pt\/_priorexxi\/"},{"@type":"ListItem","position":2,"name":"Pol\u00edtica de Privacidade"}]},{"@type":"WebSite","@id":"https:\/\/www.humaze.pt\/_priorexxi\/#website","url":"https:\/\/www.humaze.pt\/_priorexxi\/","name":"Priore XXI","description":"History unveiled","potentialAction":[{"@type":"SearchAction","target":{"@type":"EntryPoint","urlTemplate":"https:\/\/www.humaze.pt\/_priorexxi\/?s={search_term_string}"},"query-input":"required name=search_term_string"}],"inLanguage":"pt-PT"}]}},"_links":{"self":[{"href":"https:\/\/www.humaze.pt\/_priorexxi\/wp-json\/wp\/v2\/pages\/3"}],"collection":[{"href":"https:\/\/www.humaze.pt\/_priorexxi\/wp-json\/wp\/v2\/pages"}],"about":[{"href":"https:\/\/www.humaze.pt\/_priorexxi\/wp-json\/wp\/v2\/types\/page"}],"author":[{"embeddable":true,"href":"https:\/\/www.humaze.pt\/_priorexxi\/wp-json\/wp\/v2\/users\/2"}],"replies":[{"embeddable":true,"href":"https:\/\/www.humaze.pt\/_priorexxi\/wp-json\/wp\/v2\/comments?post=3"}],"version-history":[{"count":4,"href":"https:\/\/www.humaze.pt\/_priorexxi\/wp-json\/wp\/v2\/pages\/3\/revisions"}],"predecessor-version":[{"id":586,"href":"https:\/\/www.humaze.pt\/_priorexxi\/wp-json\/wp\/v2\/pages\/3\/revisions\/586"}],"wp:attachment":[{"href":"https:\/\/www.humaze.pt\/_priorexxi\/wp-json\/wp\/v2\/media?parent=3"}],"curies":[{"name":"wp","href":"https:\/\/api.w.org\/{rel}","templated":true}]}}