{"id":23,"date":"2023-06-16T09:58:19","date_gmt":"2023-06-16T09:58:19","guid":{"rendered":"https:\/\/www.humaze.pt\/_priorexxi\/?page_id=23"},"modified":"2023-11-24T16:41:57","modified_gmt":"2023-11-24T16:41:57","slug":"politica-de-cookies","status":"publish","type":"page","link":"https:\/\/www.humaze.pt\/_priorexxi\/politica-de-cookies\/","title":{"rendered":"Pol\u00edtica de Cookies"},"content":{"rendered":"<p>[vc_section][vc_row][vc_column][vc_column_text el_class=&#8221;hide&#8221;]<\/p>\n<h1>Pol\u00edtica de Cookies<\/h1>\n<p>[\/vc_column_text][vc_column_text el_class=&#8221;politica six center&#8221;]<\/p>\n<h2>Pol\u00edtica de Cookies<\/h2>\n<p>Este website recorre ao uso de cookies para proporcionar uma melhor experi\u00eancia de utiliza\u00e7\u00e3o aos seus visitantes, bem como para assegurar que o mesmo se encontra em pleno funcionamento.<\/p>\n<p>&nbsp;<\/p>\n<h3>O que \u00e9 um cookie?<\/h3>\n<p>De modo a disponibilizarmos um servi\u00e7o personalizado e eficiente aos nossos utilizadores torna-se necess\u00e1rio memorizar e armazenar informa\u00e7\u00e3o sobre a forma como este website deve ser utilizado. Para tal, utilizamos ficheiros de texto reduzido denominados por cookies que cont\u00eam quantidades de informa\u00e7\u00e3o reduzidas descarregadas para o computador ou outros dispositivos dos nossos utilizadores atrav\u00e9s de um servidor. O seu browser de internet posteriormente envia, em cada visita subsequente, estas cookies de volta para o website, permitindo o reconhecimento e memoriza\u00e7\u00e3o da identidade dos nossos visitantes, designadamente as prefer\u00eancias de utiliza\u00e7\u00e3o dos nossos utilizadores. Poder\u00e1 encontrar aqui informa\u00e7\u00e3o mais detalhada sobre cookies e seu respetivo funcionamento. A navega\u00e7\u00e3o neste website permite a recolha de informa\u00e7\u00e3o com recurso a cookies e demais tecnologias (ex. form fields, Iframes, tags, scripts, armazenamento local).<\/p>\n<p>Esta Pol\u00edtica de Cookies faz parte da nossa Pol\u00edtica de Privacidade. Para mais informa\u00e7\u00f5es sobre n\u00f3s e sobre a forma como protegemos as informa\u00e7\u00f5es dos utilizadores consulte a nossa <a href=\"https:\/\/www.humaze.pt\/_priorexxi\/politica-de-privacidade\/\" target=\"_blank\" rel=\"noopener\">Pol\u00edtica de Privacidade<\/a>.<\/p>\n<p>&nbsp;<\/p>\n<h3>Cookies que podemos utilizar e porqu\u00ea<\/h3>\n<p>Quando utilizamos cookies no nosso website, podemos coloc\u00e1-los dentro de uma das seguintes categorias:<\/p>\n<p>Os \u201cCookies estritamente necess\u00e1rios\u201d s\u00e3o necess\u00e1rios para que o website funcione e n\u00e3o podem ser desligados nos nossos sistemas. Normalmente, s\u00f3 s\u00e3o configurados em resposta a a\u00e7\u00f5es levadas a cabo por si e que correspondem a uma solicita\u00e7\u00e3o de servi\u00e7os, tais como definir as suas prefer\u00eancias de privacidade, iniciar sess\u00e3o ou preencher formul\u00e1rios.<\/p>\n<p>Os \u201cCookies de Analytics e desempenho\u201d permitem-nos contar visitas e fontes de tr\u00e1fego, para que possamos medir e melhorar o desempenho do nosso website. Podem ser configurados por n\u00f3s ou por terceiros para nos ajudar a saber que p\u00e1ginas ou v\u00eddeos s\u00e3o os mais e menos populares e tamb\u00e9m para ver como os visitantes se movimentam pelo website. Saiba mais sobre as op\u00e7\u00f5es de recusa do Google Analytics.<\/p>\n<p>Os \u201cCookies Funcionais\u201d permitem que o website forne\u00e7a uma funcionalidade e personaliza\u00e7\u00e3o melhoradas com base na sua intera\u00e7\u00e3o com o website. Podem ser configurados por n\u00f3s ou terceiros, cujos servi\u00e7os adicion\u00e1mos \u00e0s nossas p\u00e1ginas.<\/p>\n<p>Os \u201cCookies de Publicidade e Targetiza\u00e7\u00e3o\u201d podem ser configurados atrav\u00e9s do nosso website pelos nossos parceiros de publicidade, como a Google. Podem ser usados por essas empresas para construir um perfil sobre os seus interesses e mostrar-lhe an\u00fancios relevantes noutros websites.<\/p>\n<p>Os \u201cCookies de Redes Sociais\u201d s\u00e3o configurados por um conjunto de servi\u00e7os das redes sociais que adicion\u00e1mos ao website para permitir que possa partilhar o nosso conte\u00fado com os seus amigos e conhecidos. Estes cookies s\u00e3o capazes de rastrear a sua navega\u00e7\u00e3o por outros websites e criar um perfil sobre os seus interesses. Isso pode afetar o conte\u00fado e as mensagens que v\u00ea noutros websites que visita.<\/p>\n<p>&nbsp;<\/p>\n<h3>Quanto tempo ficam os cookies no meu dispositivo?<\/h3>\n<p>O tempo que os cookies ficam no seu dispositivo depende se \u00e9 um cookie \u201cpersistente\u201d ou um cookie de \u201csess\u00e3o\u201d. Um cookie persistente ir\u00e1 ser armazenado num web browser e ir\u00e1 permanecer v\u00e1lido at\u00e9 \u00e0 data de validade para o qual foi configurado, a n\u00e3o ser que o apague antes dessa data. Por outro lado, um cookie de sess\u00e3o ser\u00e1 apagado no fim da sua sess\u00e3o web, quando o web browser for fechado.<\/p>\n<p>&nbsp;<\/p>\n<h3>Como controlar os cookies?<\/h3>\n<p>Pode controlar e gerir cookies de m\u00faltiplas formas. Informamos os utilizadores que a remo\u00e7\u00e3o ou bloqueio dos cookies poder\u00e1 afetar a sua experi\u00eancia de utiliza\u00e7\u00e3o e poder\u00e1 limitar o acesso a algumas zonas ou funcionalidades deste website.<\/p>\n<p>Onde os cookies n\u00e3o forem estritamente necess\u00e1rios para o funcionamento do nosso website, iremos pedir o seu consentimento para a nossa utiliza\u00e7\u00e3o de cookies na sua primeira visita ao nosso website.<\/p>\n<p>Poder\u00e1 tamb\u00e9m alterar as defini\u00e7\u00f5es do seu browser para gerir e controlar cookies. Pode encontrar informa\u00e7\u00e3o mais detalhada sobre como o fazer em <a href=\"http:\/\/www.aboutcookies.org\/\" target=\"_blank\" rel=\"noopener\">http:\/\/www.aboutcookies.org\/<\/a>.<\/p>\n<p>Qualquer consentimento para aceitar ou rejeitar cookies \u00e9 limitado ao website onde esta Pol\u00edtica de Cookies se encontra e n\u00e3o para outros websites ou p\u00e1ginas, que podem ter sido linkadas ao nosso website. Para mais informa\u00e7\u00f5es sobre como cookies s\u00e3o utilizados por esses websites, por favor consulte as pol\u00edticas de privacidade e de cookies espec\u00edficas desses websites.<\/p>\n<p>&nbsp;<\/p>\n<h3>Comunica\u00e7\u00f5es via Email<\/h3>\n<p>Podemos tamb\u00e9m utilizar tecnologias de monitoriza\u00e7\u00e3o para determinar se os nossos visitantes leram, carregaram em links ou reencaminharam determinadas comunica\u00e7\u00f5es enviadas por n\u00f3s atrav\u00e9s de email, com o objetivo de aferir a pertin\u00eancia das nossas comunica\u00e7\u00f5es. Em caso de desacordo com esse modo de proceder os nossos utilizadores devem reverter a sua subscri\u00e7\u00e3o (unsubscribe) dado que n\u00e3o \u00e9 poss\u00edvel enviar estes emails sem estes mecanismos de monitoriza\u00e7\u00e3o ativos. Os subscritores registados podem atualizar as suas prefer\u00eancias de comunica\u00e7\u00e3o a qualquer momento contactando-nos (<a href=\"mailto:sales@priorexxi.com\" target=\"_blank\" rel=\"noopener\">sales@priorexxi.com<\/a>), ou podem cancelar a sua subscri\u00e7\u00e3o, seguindo as instru\u00e7\u00f5es no email de comunica\u00e7\u00e3o por n\u00f3s enviado para o seu endere\u00e7o eletr\u00f3nico.<\/p>\n<p>&nbsp;<\/p>\n<h3>Altera\u00e7\u00f5es \u00e0 Pol\u00edtica de Cookies<\/h3>\n<p>Esta Pol\u00edtica de Cookies pode ser revista a qualquer momento, de acordo com o nosso crit\u00e9rio. Recomendamos os utilizadores do nosso website que revejam as <a href=\"https:\/\/www.humaze.pt\/_priorexxi\/politica-de-cookies\/\" target=\"_blank\" rel=\"noopener\">Pol\u00edticas de Cookies<\/a> periodicamente, com o prop\u00f3sito de ficarem informados sobre a nossa gest\u00e3o das cookies.[\/vc_column_text][\/vc_column][\/vc_row][\/vc_section]<\/p>\n","protected":false},"excerpt":{"rendered":"<p>[vc_section][vc_row][vc_column][vc_column_text el_class=&#8221;hide&#8221;] Pol\u00edtica de Cookies [\/vc_column_text][vc_column_text el_class=&#8221;politica six center&#8221;] Pol\u00edtica de Cookies Este website recorre ao uso de cookies para proporcionar uma melhor experi\u00eancia de utiliza\u00e7\u00e3o aos seus visitantes, bem como para assegurar que o mesmo se encontra em pleno funcionamento. &nbsp; O que \u00e9 um cookie? De modo a disponibilizarmos um servi\u00e7o personalizado e [&hellip;]<\/p>\n","protected":false},"author":2,"featured_media":0,"parent":0,"menu_order":0,"comment_status":"closed","ping_status":"closed","template":"","meta":[],"yoast_head":"<!-- This site is optimized with the Yoast SEO plugin v20.9 - https:\/\/yoast.com\/wordpress\/plugins\/seo\/ -->\n<title>Pol\u00edtica de Cookies - Priore XXI<\/title>\n<meta name=\"robots\" content=\"noindex, follow, max-snippet:-1, max-image-preview:large, max-video-preview:-1\" \/>\n<meta property=\"og:locale\" content=\"pt_PT\" \/>\n<meta property=\"og:type\" content=\"article\" \/>\n<meta property=\"og:title\" content=\"Pol\u00edtica de Cookies - Priore XXI\" \/>\n<meta property=\"og:description\" content=\"[vc_section][vc_row][vc_column][vc_column_text el_class=&#8221;hide&#8221;] Pol\u00edtica de Cookies [\/vc_column_text][vc_column_text el_class=&#8221;politica six center&#8221;] Pol\u00edtica de Cookies Este website recorre ao uso de cookies para proporcionar uma melhor experi\u00eancia de utiliza\u00e7\u00e3o aos seus visitantes, bem como para assegurar que o mesmo se encontra em pleno funcionamento. &nbsp; O que \u00e9 um cookie? De modo a disponibilizarmos um servi\u00e7o personalizado e [&hellip;]\" \/>\n<meta property=\"og:url\" content=\"https:\/\/www.humaze.pt\/_priorexxi\/politica-de-cookies\/\" \/>\n<meta property=\"og:site_name\" content=\"Priore XXI\" \/>\n<meta property=\"article:modified_time\" content=\"2023-11-24T16:41:57+00:00\" \/>\n<meta name=\"twitter:card\" content=\"summary_large_image\" \/>\n<meta name=\"twitter:label1\" content=\"Tempo estimado de leitura\" \/>\n\t<meta name=\"twitter:data1\" content=\"5 minutos\" \/>\n<script type=\"application\/ld+json\" class=\"yoast-schema-graph\">{\"@context\":\"https:\/\/schema.org\",\"@graph\":[{\"@type\":\"WebPage\",\"@id\":\"https:\/\/www.humaze.pt\/_priorexxi\/politica-de-cookies\/\",\"url\":\"https:\/\/www.humaze.pt\/_priorexxi\/politica-de-cookies\/\",\"name\":\"Pol\u00edtica de Cookies - Priore XXI\",\"isPartOf\":{\"@id\":\"https:\/\/www.humaze.pt\/_priorexxi\/#website\"},\"datePublished\":\"2023-06-16T09:58:19+00:00\",\"dateModified\":\"2023-11-24T16:41:57+00:00\",\"breadcrumb\":{\"@id\":\"https:\/\/www.humaze.pt\/_priorexxi\/politica-de-cookies\/#breadcrumb\"},\"inLanguage\":\"pt-PT\",\"potentialAction\":[{\"@type\":\"ReadAction\",\"target\":[\"https:\/\/www.humaze.pt\/_priorexxi\/politica-de-cookies\/\"]}]},{\"@type\":\"BreadcrumbList\",\"@id\":\"https:\/\/www.humaze.pt\/_priorexxi\/politica-de-cookies\/#breadcrumb\",\"itemListElement\":[{\"@type\":\"ListItem\",\"position\":1,\"name\":\"In\u00edcio\",\"item\":\"https:\/\/www.humaze.pt\/_priorexxi\/\"},{\"@type\":\"ListItem\",\"position\":2,\"name\":\"Pol\u00edtica de Cookies\"}]},{\"@type\":\"WebSite\",\"@id\":\"https:\/\/www.humaze.pt\/_priorexxi\/#website\",\"url\":\"https:\/\/www.humaze.pt\/_priorexxi\/\",\"name\":\"Priore XXI\",\"description\":\"History unveiled\",\"potentialAction\":[{\"@type\":\"SearchAction\",\"target\":{\"@type\":\"EntryPoint\",\"urlTemplate\":\"https:\/\/www.humaze.pt\/_priorexxi\/?s={search_term_string}\"},\"query-input\":\"required name=search_term_string\"}],\"inLanguage\":\"pt-PT\"}]}<\/script>\n<!-- \/ Yoast SEO plugin. -->","yoast_head_json":{"title":"Pol\u00edtica de Cookies - Priore XXI","robots":{"index":"noindex","follow":"follow","max-snippet":"max-snippet:-1","max-image-preview":"max-image-preview:large","max-video-preview":"max-video-preview:-1"},"og_locale":"pt_PT","og_type":"article","og_title":"Pol\u00edtica de Cookies - Priore XXI","og_description":"[vc_section][vc_row][vc_column][vc_column_text el_class=&#8221;hide&#8221;] Pol\u00edtica de Cookies [\/vc_column_text][vc_column_text el_class=&#8221;politica six center&#8221;] Pol\u00edtica de Cookies Este website recorre ao uso de cookies para proporcionar uma melhor experi\u00eancia de utiliza\u00e7\u00e3o aos seus visitantes, bem como para assegurar que o mesmo se encontra em pleno funcionamento. &nbsp; O que \u00e9 um cookie? De modo a disponibilizarmos um servi\u00e7o personalizado e [&hellip;]","og_url":"https:\/\/www.humaze.pt\/_priorexxi\/politica-de-cookies\/","og_site_name":"Priore XXI","article_modified_time":"2023-11-24T16:41:57+00:00","twitter_card":"summary_large_image","twitter_misc":{"Tempo estimado de leitura":"5 minutos"},"schema":{"@context":"https:\/\/schema.org","@graph":[{"@type":"WebPage","@id":"https:\/\/www.humaze.pt\/_priorexxi\/politica-de-cookies\/","url":"https:\/\/www.humaze.pt\/_priorexxi\/politica-de-cookies\/","name":"Pol\u00edtica de Cookies - Priore XXI","isPartOf":{"@id":"https:\/\/www.humaze.pt\/_priorexxi\/#website"},"datePublished":"2023-06-16T09:58:19+00:00","dateModified":"2023-11-24T16:41:57+00:00","breadcrumb":{"@id":"https:\/\/www.humaze.pt\/_priorexxi\/politica-de-cookies\/#breadcrumb"},"inLanguage":"pt-PT","potentialAction":[{"@type":"ReadAction","target":["https:\/\/www.humaze.pt\/_priorexxi\/politica-de-cookies\/"]}]},{"@type":"BreadcrumbList","@id":"https:\/\/www.humaze.pt\/_priorexxi\/politica-de-cookies\/#breadcrumb","itemListElement":[{"@type":"ListItem","position":1,"name":"In\u00edcio","item":"https:\/\/www.humaze.pt\/_priorexxi\/"},{"@type":"ListItem","position":2,"name":"Pol\u00edtica de Cookies"}]},{"@type":"WebSite","@id":"https:\/\/www.humaze.pt\/_priorexxi\/#website","url":"https:\/\/www.humaze.pt\/_priorexxi\/","name":"Priore XXI","description":"History unveiled","potentialAction":[{"@type":"SearchAction","target":{"@type":"EntryPoint","urlTemplate":"https:\/\/www.humaze.pt\/_priorexxi\/?s={search_term_string}"},"query-input":"required name=search_term_string"}],"inLanguage":"pt-PT"}]}},"_links":{"self":[{"href":"https:\/\/www.humaze.pt\/_priorexxi\/wp-json\/wp\/v2\/pages\/23"}],"collection":[{"href":"https:\/\/www.humaze.pt\/_priorexxi\/wp-json\/wp\/v2\/pages"}],"about":[{"href":"https:\/\/www.humaze.pt\/_priorexxi\/wp-json\/wp\/v2\/types\/page"}],"author":[{"embeddable":true,"href":"https:\/\/www.humaze.pt\/_priorexxi\/wp-json\/wp\/v2\/users\/2"}],"replies":[{"embeddable":true,"href":"https:\/\/www.humaze.pt\/_priorexxi\/wp-json\/wp\/v2\/comments?post=23"}],"version-history":[{"count":8,"href":"https:\/\/www.humaze.pt\/_priorexxi\/wp-json\/wp\/v2\/pages\/23\/revisions"}],"predecessor-version":[{"id":587,"href":"https:\/\/www.humaze.pt\/_priorexxi\/wp-json\/wp\/v2\/pages\/23\/revisions\/587"}],"wp:attachment":[{"href":"https:\/\/www.humaze.pt\/_priorexxi\/wp-json\/wp\/v2\/media?parent=23"}],"curies":[{"name":"wp","href":"https:\/\/api.w.org\/{rel}","templated":true}]}}